{"id":1762,"date":"2024-05-28T16:59:35","date_gmt":"2024-05-28T20:59:35","guid":{"rendered":"https:\/\/visionaustral.cl\/?page_id=1762"},"modified":"2024-05-30T21:28:27","modified_gmt":"2024-05-31T01:28:27","slug":"oficina-virtual-copy","status":"publish","type":"page","link":"https:\/\/visionaustral.cl\/?page_id=1762","title":{"rendered":"Oficina Virtual Concepci\u00f3n"},"content":{"rendered":"\t\t<div data-elementor-type=\"wp-page\" data-elementor-id=\"1762\" class=\"elementor elementor-1762\">\n\t\t\t\t<div class=\"elementor-element elementor-element-277d5a1 e-flex e-con-boxed e-con e-parent\" data-id=\"277d5a1\" data-element_type=\"container\" data-e-type=\"container\">\n\t\t\t\t\t<div class=\"e-con-inner\">\n\t\t\t\t<div class=\"elementor-element elementor-element-74b5d30 elementor-widget elementor-widget-heading\" data-id=\"74b5d30\" data-element_type=\"widget\" data-e-type=\"widget\" data-widget_type=\"heading.default\">\n\t\t\t\t<div class=\"elementor-widget-container\">\n\t\t\t\t\t<h2 class=\"elementor-heading-title elementor-size-default\"><b>Oficina Virtual Concepci\u00f3<\/b>n<\/h2>\t\t\t\t<\/div>\n\t\t\t\t<\/div>\n\t\t\t\t\t<\/div>\n\t\t\t\t<\/div>\n\t\t<div class=\"elementor-element elementor-element-2575bd2 e-flex e-con-boxed e-con e-parent\" data-id=\"2575bd2\" data-element_type=\"container\" data-e-type=\"container\">\n\t\t\t\t\t<div class=\"e-con-inner\">\n\t\t<div class=\"elementor-element elementor-element-110c782 e-con-full e-flex e-con e-child\" data-id=\"110c782\" data-element_type=\"container\" data-e-type=\"container\">\n\t\t\t\t<div class=\"elementor-element elementor-element-fa294a8 elementor-widget elementor-widget-image\" data-id=\"fa294a8\" data-element_type=\"widget\" data-e-type=\"widget\" data-widget_type=\"image.default\">\n\t\t\t\t<div class=\"elementor-widget-container\">\n\t\t\t\t\t\t\t\t\t\t\t\t\t\t\t<img fetchpriority=\"high\" decoding=\"async\" width=\"1024\" height=\"768\" src=\"https:\/\/i0.wp.com\/visionaustral.cl\/wp-content\/uploads\/2024\/05\/Plaza_de_la_Independencia_de_Concepcion-1024x768-1.webp?fit=1024%2C768&amp;ssl=1\" class=\"attachment-large size-large wp-image-1812\" alt=\"\" srcset=\"https:\/\/i0.wp.com\/visionaustral.cl\/wp-content\/uploads\/2024\/05\/Plaza_de_la_Independencia_de_Concepcion-1024x768-1.webp?w=1024&amp;ssl=1 1024w, https:\/\/i0.wp.com\/visionaustral.cl\/wp-content\/uploads\/2024\/05\/Plaza_de_la_Independencia_de_Concepcion-1024x768-1.webp?resize=300%2C225&amp;ssl=1 300w, https:\/\/i0.wp.com\/visionaustral.cl\/wp-content\/uploads\/2024\/05\/Plaza_de_la_Independencia_de_Concepcion-1024x768-1.webp?resize=768%2C576&amp;ssl=1 768w\" sizes=\"(max-width: 1024px) 100vw, 1024px\" \/>\t\t\t\t\t\t\t\t\t\t\t\t\t\t\t<\/div>\n\t\t\t\t<\/div>\n\t\t\t\t<\/div>\n\t\t<div class=\"elementor-element elementor-element-fdd8799 e-con-full e-flex e-con e-child\" data-id=\"fdd8799\" data-element_type=\"container\" data-e-type=\"container\">\n\t\t<div class=\"elementor-element elementor-element-d858786 e-flex e-con-boxed e-con e-child\" data-id=\"d858786\" data-element_type=\"container\" data-e-type=\"container\">\n\t\t\t\t\t<div class=\"e-con-inner\">\n\t\t\t\t<div class=\"elementor-element elementor-element-77a6779 elementor-widget elementor-widget-text-editor\" data-id=\"77a6779\" data-element_type=\"widget\" data-e-type=\"widget\" data-widget_type=\"text-editor.default\">\n\t\t\t\t<div class=\"elementor-widget-container\">\n\t\t\t\t\t\t\t\t\t<p>Concepci\u00f3n es capital de la Regi\u00f3n del Biob\u00edo. Hoy es una de las tres ciudades m\u00e1s grandes y de mayor industrializaci\u00f3n de nuerstro pa\u00eds, su n\u00facleo urbano ejerce un impacto significativo el comercio nacional y ofrece excelentes condiciones econ\u00f3micas para la inversi\u00f3n en el Capital Humano.<\/p>\t\t\t\t\t\t\t\t<\/div>\n\t\t\t\t<\/div>\n\t\t\t\t\t<\/div>\n\t\t\t\t<\/div>\n\t\t<div class=\"elementor-element elementor-element-3cb0b63 e-flex e-con-boxed e-con e-child\" data-id=\"3cb0b63\" data-element_type=\"container\" data-e-type=\"container\">\n\t\t\t\t\t<div class=\"e-con-inner\">\n\t\t\t\t<div class=\"elementor-element elementor-element-79aa580 elementor-widget elementor-widget-text-editor\" data-id=\"79aa580\" data-element_type=\"widget\" data-e-type=\"widget\" data-widget_type=\"text-editor.default\">\n\t\t\t\t<div class=\"elementor-widget-container\">\n\t\t\t\t\t\t\t\t\t<p>Gestiones<\/p><ul><li>Administrativas de Ejecuci\u00f3n de Cursos<\/li><li>Sala de reuniones Zoom<\/li><li>Secretaria Virtual.<\/li><\/ul>\t\t\t\t\t\t\t\t<\/div>\n\t\t\t\t<\/div>\n\t\t\t\t\t<\/div>\n\t\t\t\t<\/div>\n\t\t\t\t<\/div>\n\t\t\t\t\t<\/div>\n\t\t\t\t<\/div>\n\t\t<div class=\"elementor-element elementor-element-4dbd362 e-flex e-con-boxed e-con e-parent\" data-id=\"4dbd362\" data-element_type=\"container\" data-e-type=\"container\">\n\t\t\t\t\t<div class=\"e-con-inner\">\n\t\t<div class=\"elementor-element elementor-element-a1e9a5b e-con-full e-flex e-con e-child\" data-id=\"a1e9a5b\" data-element_type=\"container\" data-e-type=\"container\">\n\t\t\t\t<div class=\"elementor-element elementor-element-d6449a5 elementor-widget elementor-widget-image\" data-id=\"d6449a5\" data-element_type=\"widget\" data-e-type=\"widget\" data-widget_type=\"image.default\">\n\t\t\t\t<div class=\"elementor-widget-container\">\n\t\t\t\t\t\t\t\t\t\t\t\t\t\t\t<img decoding=\"async\" width=\"768\" height=\"1024\" src=\"https:\/\/i0.wp.com\/visionaustral.cl\/wp-content\/uploads\/2024\/05\/Plaza_Caupolican_en_Canete_Chile-scaled.jpg?fit=768%2C1024&amp;ssl=1\" class=\"attachment-large size-large wp-image-1813\" alt=\"\" srcset=\"https:\/\/i0.wp.com\/visionaustral.cl\/wp-content\/uploads\/2024\/05\/Plaza_Caupolican_en_Canete_Chile-scaled.jpg?w=1920&amp;ssl=1 1920w, https:\/\/i0.wp.com\/visionaustral.cl\/wp-content\/uploads\/2024\/05\/Plaza_Caupolican_en_Canete_Chile-scaled.jpg?resize=225%2C300&amp;ssl=1 225w, https:\/\/i0.wp.com\/visionaustral.cl\/wp-content\/uploads\/2024\/05\/Plaza_Caupolican_en_Canete_Chile-scaled.jpg?resize=768%2C1024&amp;ssl=1 768w, https:\/\/i0.wp.com\/visionaustral.cl\/wp-content\/uploads\/2024\/05\/Plaza_Caupolican_en_Canete_Chile-scaled.jpg?resize=1152%2C1536&amp;ssl=1 1152w, https:\/\/i0.wp.com\/visionaustral.cl\/wp-content\/uploads\/2024\/05\/Plaza_Caupolican_en_Canete_Chile-scaled.jpg?resize=1536%2C2048&amp;ssl=1 1536w\" sizes=\"(max-width: 768px) 100vw, 768px\" \/>\t\t\t\t\t\t\t\t\t\t\t\t\t\t\t<\/div>\n\t\t\t\t<\/div>\n\t\t\t\t<\/div>\n\t\t<div class=\"elementor-element elementor-element-955d76f e-con-full e-flex e-con e-child\" data-id=\"955d76f\" data-element_type=\"container\" data-e-type=\"container\">\n\t\t<div class=\"elementor-element elementor-element-1793be4 e-flex e-con-boxed e-con e-child\" data-id=\"1793be4\" data-element_type=\"container\" data-e-type=\"container\">\n\t\t\t\t\t<div class=\"e-con-inner\">\n\t\t\t\t<div class=\"elementor-element elementor-element-1e8e470 elementor-widget elementor-widget-text-editor\" data-id=\"1e8e470\" data-element_type=\"widget\" data-e-type=\"widget\" data-widget_type=\"text-editor.default\">\n\t\t\t\t<div class=\"elementor-widget-container\">\n\t\t\t\t\t\t\t\t\t<h5><strong>Curso Gestion de Emprendimientos &#8211; SENCE<\/strong><\/h5>\t\t\t\t\t\t\t\t<\/div>\n\t\t\t\t<\/div>\n\t\t\t\t\t<\/div>\n\t\t\t\t<\/div>\n\t\t<div class=\"elementor-element elementor-element-02e21ce e-flex e-con-boxed e-con e-child\" data-id=\"02e21ce\" data-element_type=\"container\" data-e-type=\"container\">\n\t\t\t\t\t<div class=\"e-con-inner\">\n\t\t\t\t\t<\/div>\n\t\t\t\t<\/div>\n\t\t\t\t<\/div>\n\t\t\t\t\t<\/div>\n\t\t\t\t<\/div>\n\t\t\t\t<\/div>\n\t\t","protected":false},"excerpt":{"rendered":"<p>Oficina Virtual Concepci\u00f3n Concepci\u00f3n es capital de la Regi\u00f3n del Biob\u00edo. Hoy es una de las tres ciudades m\u00e1s grandes y de mayor industrializaci\u00f3n de nuerstro pa\u00eds, su n\u00facleo urbano ejerce un impacto significativo el comercio nacional y ofrece excelentes condiciones econ\u00f3micas para la inversi\u00f3n en el Capital Humano. Gestiones Administrativas de Ejecuci\u00f3n de Cursos [&hellip;]<\/p>\n","protected":false},"author":1,"featured_media":0,"parent":0,"menu_order":0,"comment_status":"closed","ping_status":"closed","template":"","meta":{"footnotes":""},"class_list":["post-1762","page","type-page","status-publish","hentry"],"jetpack_sharing_enabled":true,"_links":{"self":[{"href":"https:\/\/visionaustral.cl\/index.php?rest_route=\/wp\/v2\/pages\/1762","targetHints":{"allow":["GET"]}}],"collection":[{"href":"https:\/\/visionaustral.cl\/index.php?rest_route=\/wp\/v2\/pages"}],"about":[{"href":"https:\/\/visionaustral.cl\/index.php?rest_route=\/wp\/v2\/types\/page"}],"author":[{"embeddable":true,"href":"https:\/\/visionaustral.cl\/index.php?rest_route=\/wp\/v2\/users\/1"}],"replies":[{"embeddable":true,"href":"https:\/\/visionaustral.cl\/index.php?rest_route=%2Fwp%2Fv2%2Fcomments&post=1762"}],"version-history":[{"count":4,"href":"https:\/\/visionaustral.cl\/index.php?rest_route=\/wp\/v2\/pages\/1762\/revisions"}],"predecessor-version":[{"id":1816,"href":"https:\/\/visionaustral.cl\/index.php?rest_route=\/wp\/v2\/pages\/1762\/revisions\/1816"}],"wp:attachment":[{"href":"https:\/\/visionaustral.cl\/index.php?rest_route=%2Fwp%2Fv2%2Fmedia&parent=1762"}],"curies":[{"name":"wp","href":"https:\/\/api.w.org\/{rel}","templated":true}]}}